{"id":1390,"date":"2021-09-30T22:23:05","date_gmt":"2021-09-30T22:23:05","guid":{"rendered":"https:\/\/lacroixaumaitre.com\/?page_id=1390"},"modified":"2023-02-27T20:30:09","modified_gmt":"2023-02-27T20:30:09","slug":"charming-rental-with-space-comfort-and-independence","status":"publish","type":"page","link":"https:\/\/vignoble.lacroixaumaitre.com\/index.php\/charming-rental-with-space-comfort-and-independence\/?lang=en","title":{"rendered":"Charming rental with space, comfort and independence"},"content":{"rendered":"\t\t<div data-elementor-type=\"wp-page\" data-elementor-id=\"1390\" class=\"elementor elementor-1390 elementor-94\">\n\t\t\t\t\t\t<div class=\"elementor-inner\">\n\t\t\t\t<div class=\"elementor-section-wrap\">\n\t\t\t\t\t\t\t\t\t<section class=\"elementor-section elementor-top-section elementor-element elementor-element-e225097 elementor-section-stretched elementor-section-boxed elementor-section-height-default elementor-section-height-default\" data-id=\"e225097\" data-element_type=\"section\" data-settings=\"{&quot;stretch_section&quot;:&quot;section-stretched&quot;,&quot;background_background&quot;:&quot;classic&quot;}\">\n\t\t\t\t\t\t<div class=\"elementor-container elementor-column-gap-default\">\n\t\t\t\t\t\t\t<div class=\"elementor-row\">\n\t\t\t\t\t<div class=\"elementor-column elementor-col-100 elementor-top-column elementor-element elementor-element-6854242\" data-id=\"6854242\" data-element_type=\"column\">\n\t\t\t<div class=\"elementor-column-wrap elementor-element-populated\">\n\t\t\t\t\t\t\t<div class=\"elementor-widget-wrap\">\n\t\t\t\t\t\t<div class=\"elementor-element elementor-element-6e7727d elementor-widget elementor-widget-heading\" data-id=\"6e7727d\" data-element_type=\"widget\" data-widget_type=\"heading.default\">\n\t\t\t\t<div class=\"elementor-widget-container\">\n\t\t\t<span class=\"elementor-heading-title elementor-size-large\">An independent rental of 35 m\u00b2<\/span>\t\t<\/div>\n\t\t\t\t<\/div>\n\t\t\t\t<div class=\"elementor-element elementor-element-ececfa2 elementor-widget elementor-widget-text-editor\" data-id=\"ececfa2\" data-element_type=\"widget\" data-widget_type=\"text-editor.default\">\n\t\t\t\t<div class=\"elementor-widget-container\">\n\t\t\t\t\t\t\t\t<div class=\"elementor-text-editor elementor-clearfix\">\n\t\t\t\t<p>The rental is located in an independent part of the owners&rsquo; house.<br \/>Only the main entrance of the house is shared with the owners.<\/p><p>A kitchen of 12 m\u00b2 on the first floor offers a total independence, whatever the duration of your stay (combined microwave oven, kettle, toaster, Nespresso coffee machine). A small staircase leads to the first floor.<\/p><p>Bright and spacious (23 m\u00b2), the room on the first floor is composed of a double bed of very good comfort (Queen Size, 160 x 200 cm, 63 x 79 inches), an open bathroom, shower column, and independent toilets.<br \/>Towels and bed linen are included.<\/p><p>Free Wifi. Television with Netflix and Canal Plus.<br \/>Baby equipment is available free of charge on request (bed and high chair).<br \/>For cyclists and mountain bikers, bikes can be stored for free in the shelter during your stay.<\/p>\t\t\t\t\t<\/div>\n\t\t\t\t\t\t<\/div>\n\t\t\t\t<\/div>\n\t\t\t\t<div class=\"elementor-element elementor-element-18866b8 elementor-widget elementor-widget-heading\" data-id=\"18866b8\" data-element_type=\"widget\" data-widget_type=\"heading.default\">\n\t\t\t\t<div class=\"elementor-widget-container\">\n\t\t\t<span class=\"elementor-heading-title elementor-size-large\">Spirit of a B&B or guest house<\/span>\t\t<\/div>\n\t\t\t\t<\/div>\n\t\t\t\t<div class=\"elementor-element elementor-element-7f42a87 elementor-widget elementor-widget-text-editor\" data-id=\"7f42a87\" data-element_type=\"widget\" data-widget_type=\"text-editor.default\">\n\t\t\t\t<div class=\"elementor-widget-container\">\n\t\t\t\t\t\t\t\t<div class=\"elementor-text-editor elementor-clearfix\">\n\t\t\t\t<p>We are discreet and caring. We respect your privacy but we are always available.<br \/>In our absence, a key box allows access to the accommodation.<\/p><p>Gite or bed and breakfast spirit, it&rsquo;s up to you !<\/p>\t\t\t\t\t<\/div>\n\t\t\t\t\t\t<\/div>\n\t\t\t\t<\/div>\n\t\t\t\t<div class=\"elementor-element elementor-element-35835ca elementor-widget elementor-widget-heading\" data-id=\"35835ca\" data-element_type=\"widget\" data-widget_type=\"heading.default\">\n\t\t\t\t<div class=\"elementor-widget-container\">\n\t\t\t<span class=\"elementor-heading-title elementor-size-large\">Minted objects... to be minted<\/span>\t\t<\/div>\n\t\t\t\t<\/div>\n\t\t\t\t<div class=\"elementor-element elementor-element-03be067 elementor-widget elementor-widget-text-editor\" data-id=\"03be067\" data-element_type=\"widget\" data-widget_type=\"text-editor.default\">\n\t\t\t\t<div class=\"elementor-widget-container\">\n\t\t\t\t\t\t\t\t<div class=\"elementor-text-editor elementor-clearfix\">\n\t\t\t\t<p>The rental is decorated with a few antiques that correspond to our taste and what we like to share with our guests. Some of these finds are offered for sale.<\/p>\t\t\t\t\t<\/div>\n\t\t\t\t\t\t<\/div>\n\t\t\t\t<\/div>\n\t\t\t\t<div class=\"elementor-element elementor-element-528150c elementor-widget elementor-widget-gallery\" data-id=\"528150c\" data-element_type=\"widget\" data-settings=\"{&quot;gallery_layout&quot;:&quot;justified&quot;,&quot;ideal_row_height&quot;:{&quot;unit&quot;:&quot;px&quot;,&quot;size&quot;:228,&quot;sizes&quot;:[]},&quot;lazyload&quot;:&quot;yes&quot;,&quot;ideal_row_height_tablet&quot;:{&quot;unit&quot;:&quot;px&quot;,&quot;size&quot;:150,&quot;sizes&quot;:[]},&quot;ideal_row_height_mobile&quot;:{&quot;unit&quot;:&quot;px&quot;,&quot;size&quot;:150,&quot;sizes&quot;:[]},&quot;gap&quot;:{&quot;unit&quot;:&quot;px&quot;,&quot;size&quot;:10,&quot;sizes&quot;:[]},&quot;gap_tablet&quot;:{&quot;unit&quot;:&quot;px&quot;,&quot;size&quot;:10,&quot;sizes&quot;:[]},&quot;gap_mobile&quot;:{&quot;unit&quot;:&quot;px&quot;,&quot;size&quot;:10,&quot;sizes&quot;:[]},&quot;link_to&quot;:&quot;file&quot;,&quot;overlay_background&quot;:&quot;yes&quot;,&quot;content_hover_animation&quot;:&quot;fade-in&quot;}\" data-widget_type=\"gallery.default\">\n\t\t\t\t<div class=\"elementor-widget-container\">\n\t\t\t\t\t<div class=\"elementor-gallery__container\">\n\t\t\t\t\t\t\t<a class=\"e-gallery-item elementor-gallery-item elementor-animated-content\" href=\"https:\/\/vignoble.lacroixaumaitre.com\/wp-content\/uploads\/2021\/09\/20210904_122931-1-scaled.jpg\" data-elementor-open-lightbox=\"yes\" data-elementor-lightbox-slideshow=\"all-528150c\" data-elementor-lightbox-title=\"La Croix au Maitre le lit\" data-e-action-hash=\"#elementor-action%3Aaction%3Dlightbox%26settings%3DeyJpZCI6MTE4NCwidXJsIjoiaHR0cHM6XC9cL3ZpZ25vYmxlLmxhY3JvaXhhdW1haXRyZS5jb21cL3dwLWNvbnRlbnRcL3VwbG9hZHNcLzIwMjFcLzA5XC8yMDIxMDkwNF8xMjI5MzEtMS1zY2FsZWQuanBnIiwic2xpZGVzaG93IjoiYWxsLTUyODE1MGMifQ%3D%3D\">\n\t\t\t\t\t<div class=\"e-gallery-image elementor-gallery-item__image\" data-thumbnail=\"https:\/\/vignoble.lacroixaumaitre.com\/wp-content\/uploads\/2021\/09\/20210904_122931-1-768x373.jpg\" data-width=\"640\" data-height=\"311\" alt=\"La Croix au Ma\u00eetre Piscine coulanges la vineuse g\u00eete chambre d&#039;hote location charme vigne vigneron chablis auxerre vezelay bourgogne lit banc ferme tabouret atelier gaze coton parquet ancien cir\u00e9 Yonne Coulanges la vineuse vezelay chablis yonne bourgogne auxerre canal du nivernais borgnat gite chambre hote location saisonniere airbnb de courte duree piscine jardin velo repos detente mariage saulce reigny\" ><\/div>\n\t\t\t\t\t\t\t\t\t\t\t<div class=\"elementor-gallery-item__overlay\"><\/div>\n\t\t\t\t\t\t\t\t\t\t\t\t\t\t<\/a>\n\t\t\t\t\t\t\t<a class=\"e-gallery-item elementor-gallery-item elementor-animated-content\" href=\"https:\/\/vignoble.lacroixaumaitre.com\/wp-content\/uploads\/2021\/09\/20210904_140115-scaled.jpg\" data-elementor-open-lightbox=\"yes\" data-elementor-lightbox-slideshow=\"all-528150c\" data-elementor-lightbox-title=\"literie\" data-e-action-hash=\"#elementor-action%3Aaction%3Dlightbox%26settings%3DeyJpZCI6OTI5LCJ1cmwiOiJodHRwczpcL1wvdmlnbm9ibGUubGFjcm9peGF1bWFpdHJlLmNvbVwvd3AtY29udGVudFwvdXBsb2Fkc1wvMjAyMVwvMDlcLzIwMjEwOTA0XzE0MDExNS1zY2FsZWQuanBnIiwic2xpZGVzaG93IjoiYWxsLTUyODE1MGMifQ%3D%3D\">\n\t\t\t\t\t<div class=\"e-gallery-image elementor-gallery-item__image\" data-thumbnail=\"https:\/\/vignoble.lacroixaumaitre.com\/wp-content\/uploads\/2021\/09\/20210904_140115-768x374.jpg\" data-width=\"640\" data-height=\"312\" alt=\"La Croix au Ma\u00eetre Piscine coulanges la vineuse g\u00eete chambre d&#039;hote location charme vigne vigneron chablis auxerre vezelay bourgogne yonne Auxerre parquet ancien cir\u00e9 lit lin gaze de coton tv bouddha\" ><\/div>\n\t\t\t\t\t\t\t\t\t\t\t<div class=\"elementor-gallery-item__overlay\"><\/div>\n\t\t\t\t\t\t\t\t\t\t\t\t\t\t<\/a>\n\t\t\t\t\t\t\t<a class=\"e-gallery-item elementor-gallery-item elementor-animated-content\" href=\"https:\/\/vignoble.lacroixaumaitre.com\/wp-content\/uploads\/2021\/09\/20210904_135937-scaled.jpg\" data-elementor-open-lightbox=\"yes\" data-elementor-lightbox-slideshow=\"all-528150c\" data-elementor-lightbox-title=\"La Croix au Maitre vue d&#039;ensemble de la chambre\" data-e-action-hash=\"#elementor-action%3Aaction%3Dlightbox%26settings%3DeyJpZCI6OTI1LCJ1cmwiOiJodHRwczpcL1wvdmlnbm9ibGUubGFjcm9peGF1bWFpdHJlLmNvbVwvd3AtY29udGVudFwvdXBsb2Fkc1wvMjAyMVwvMDlcLzIwMjEwOTA0XzEzNTkzNy1zY2FsZWQuanBnIiwic2xpZGVzaG93IjoiYWxsLTUyODE1MGMifQ%3D%3D\">\n\t\t\t\t\t<div class=\"e-gallery-image elementor-gallery-item__image\" data-thumbnail=\"https:\/\/vignoble.lacroixaumaitre.com\/wp-content\/uploads\/2021\/09\/20210904_135937-768x351.jpg\" data-width=\"640\" data-height=\"293\" alt=\"La Croix au Ma\u00eetre Piscine coulanges la vineuse g\u00eete chambre d&#039;hote location charme vigne vigneron chablis auxerre vezelay yonne bourgogne yonne lit banc ferme tabouret atelier porte manteau art deco baladeuse gaze coton bleu nuit Coulanges la vineuse vezelay chablis yonne bourgogne auxerre canal du nivernais borgnat gite chambre hote location saisonniere airbnb de courte duree piscine jardin velo repos detente mariage saulce reigny\" ><\/div>\n\t\t\t\t\t\t\t\t\t\t\t<div class=\"elementor-gallery-item__overlay\"><\/div>\n\t\t\t\t\t\t\t\t\t\t\t\t\t\t<\/a>\n\t\t\t\t\t\t\t<a class=\"e-gallery-item elementor-gallery-item elementor-animated-content\" href=\"https:\/\/vignoble.lacroixaumaitre.com\/wp-content\/uploads\/2021\/08\/20210822_091625-1-scaled.jpg\" data-elementor-open-lightbox=\"yes\" data-elementor-lightbox-slideshow=\"all-528150c\" data-elementor-lightbox-title=\"La Croix au Ma\u00eetre salle de bain\" data-elementor-lightbox-description=\"La Croix au Ma\u00eetre Piscine coulanges la vineuse g\u00eete chambre d&#039;hote location charme vigne vigneron chablis auxerre vezelay bourgogne yonne salle de bain planche bois serviette paniette vintage lavabo colonne douche\" data-e-action-hash=\"#elementor-action%3Aaction%3Dlightbox%26settings%3DeyJpZCI6Nzc4LCJ1cmwiOiJodHRwczpcL1wvdmlnbm9ibGUubGFjcm9peGF1bWFpdHJlLmNvbVwvd3AtY29udGVudFwvdXBsb2Fkc1wvMjAyMVwvMDhcLzIwMjEwODIyXzA5MTYyNS0xLXNjYWxlZC5qcGciLCJzbGlkZXNob3ciOiJhbGwtNTI4MTUwYyJ9\">\n\t\t\t\t\t<div class=\"e-gallery-image elementor-gallery-item__image\" data-thumbnail=\"https:\/\/vignoble.lacroixaumaitre.com\/wp-content\/uploads\/2021\/08\/20210822_091625-1-768x1125.jpg\" data-width=\"640\" data-height=\"938\" alt=\"La Croix au Ma\u00eetre Piscine coulanges la vineuse g\u00eete chambre d&#039;hote location charme vigne vigneron chablis auxerre vezelay bourgogne yonne salle de bain planche bois serviette paniette vintage lavabo colonne douche Coulanges la vineuse vezelay chablis yonne bourgogne auxerre canal du nivernais borgnat gite chambre hote location saisonniere airbnb de courte duree piscine jardin velo repos detente mariage saulce reigny\" ><\/div>\n\t\t\t\t\t\t\t\t\t\t\t<div class=\"elementor-gallery-item__overlay\"><\/div>\n\t\t\t\t\t\t\t\t\t\t\t\t\t\t<\/a>\n\t\t\t\t\t\t\t<a class=\"e-gallery-item elementor-gallery-item elementor-animated-content\" href=\"https:\/\/vignoble.lacroixaumaitre.com\/wp-content\/uploads\/2021\/08\/20210821_173907-1-scaled.jpg\" data-elementor-open-lightbox=\"yes\" data-elementor-lightbox-slideshow=\"all-528150c\" data-elementor-lightbox-title=\"La Croix au Ma\u00eetre : vue chambre et salle de bain\" data-elementor-lightbox-description=\"La Croix au Ma\u00eetre Piscine coulanges la vineuse g\u00eete chambre d&#039;hote location charme vigne vigneron chablis auxerre vezelay yonne bourgogne yonne lit porte manteau art deco lin bleu nuit\" data-e-action-hash=\"#elementor-action%3Aaction%3Dlightbox%26settings%3DeyJpZCI6Nzc0LCJ1cmwiOiJodHRwczpcL1wvdmlnbm9ibGUubGFjcm9peGF1bWFpdHJlLmNvbVwvd3AtY29udGVudFwvdXBsb2Fkc1wvMjAyMVwvMDhcLzIwMjEwODIxXzE3MzkwNy0xLXNjYWxlZC5qcGciLCJzbGlkZXNob3ciOiJhbGwtNTI4MTUwYyJ9\">\n\t\t\t\t\t<div class=\"e-gallery-image elementor-gallery-item__image\" data-thumbnail=\"https:\/\/vignoble.lacroixaumaitre.com\/wp-content\/uploads\/2021\/08\/20210821_173907-1-768x1378.jpg\" data-width=\"640\" data-height=\"1148\" alt=\"La Croix au Ma\u00eetre Piscine coulanges la vineuse g\u00eete chambre d&#039;hote location charme vigne vigneron chablis auxerre vezelay yonne bourgogne yonne lit porte manteau art deco lin bleu nuit\" ><\/div>\n\t\t\t\t\t\t\t\t\t\t\t<div class=\"elementor-gallery-item__overlay\"><\/div>\n\t\t\t\t\t\t\t\t\t\t\t\t\t\t<\/a>\n\t\t\t\t\t\t\t<a class=\"e-gallery-item elementor-gallery-item elementor-animated-content\" href=\"https:\/\/vignoble.lacroixaumaitre.com\/wp-content\/uploads\/2021\/08\/20210821_114213-1-scaled.jpg\" data-elementor-open-lightbox=\"yes\" data-elementor-lightbox-slideshow=\"all-528150c\" data-elementor-lightbox-title=\"La Croix au Ma\u00eetre cuisine\" data-elementor-lightbox-description=\"La Croix au Ma\u00eetre Piscine coulanges la vineuse g\u00eete chambre d&#039;hote location charme vigne vigneron chablis auxerre vezelay yonne bourgogne yonne cuisine zellige assiette ancienne table bistrot \" data-e-action-hash=\"#elementor-action%3Aaction%3Dlightbox%26settings%3DeyJpZCI6NzcwLCJ1cmwiOiJodHRwczpcL1wvdmlnbm9ibGUubGFjcm9peGF1bWFpdHJlLmNvbVwvd3AtY29udGVudFwvdXBsb2Fkc1wvMjAyMVwvMDhcLzIwMjEwODIxXzExNDIxMy0xLXNjYWxlZC5qcGciLCJzbGlkZXNob3ciOiJhbGwtNTI4MTUwYyJ9\">\n\t\t\t\t\t<div class=\"e-gallery-image elementor-gallery-item__image\" data-thumbnail=\"https:\/\/vignoble.lacroixaumaitre.com\/wp-content\/uploads\/2021\/08\/20210821_114213-1-768x1367.jpg\" data-width=\"640\" data-height=\"1139\" alt=\"La Croix au Ma\u00eetre Piscine coulanges la vineuse g\u00eete chambre d&#039;hote location charme vigne vigneron chablis auxerre vezelay yonne bourgogne yonne cuisine zellige assiette ancienne table bistrot Coulanges la vineuse vezelay chablis yonne bourgogne auxerre canal du nivernais borgnat gite chambre hote location saisonniere airbnb de courte duree piscine jardin velo repos detente mariage saulce reigny\" ><\/div>\n\t\t\t\t\t\t\t\t\t\t\t<div class=\"elementor-gallery-item__overlay\"><\/div>\n\t\t\t\t\t\t\t\t\t\t\t\t\t\t<\/a>\n\t\t\t\t\t<\/div>\n\t\t\t<\/div>\n\t\t\t\t<\/div>\n\t\t\t\t\t\t<\/div>\n\t\t\t\t\t<\/div>\n\t\t<\/div>\n\t\t\t\t\t\t\t\t<\/div>\n\t\t\t\t\t<\/div>\n\t\t<\/section>\n\t\t\t\t\t\t\t\t\t<\/div>\n\t\t\t<\/div>\n\t\t\t\t\t<\/div>\n\t\t","protected":false},"excerpt":{"rendered":"<p>An independent rental of 35 m\u00b2 The rental is located in an independent part of the owners&rsquo; house. Only the main entrance of the house is shared with the owners. A kitchen of 12 m\u00b2 on the first floor offers a total independence, whatever the duration of your stay (combined microwave oven, kettle, toaster, Nespresso &hellip; <\/p>\n<p class=\"link-more\"><a href=\"https:\/\/vignoble.lacroixaumaitre.com\/index.php\/charming-rental-with-space-comfort-and-independence\/?lang=en\" class=\"more-link\">Continuer la lecture <span class=\"screen-reader-text\"> \u00ab\u00a0Charming rental with space, comfort and independence\u00a0\u00bb<\/span><\/a><\/p>\n","protected":false},"author":1,"featured_media":0,"parent":0,"menu_order":0,"comment_status":"closed","ping_status":"closed","template":"","meta":{"_mi_skip_tracking":false,"footnotes":""},"aioseo_notices":[],"_links":{"self":[{"href":"https:\/\/vignoble.lacroixaumaitre.com\/index.php\/wp-json\/wp\/v2\/pages\/1390"}],"collection":[{"href":"https:\/\/vignoble.lacroixaumaitre.com\/index.php\/wp-json\/wp\/v2\/pages"}],"about":[{"href":"https:\/\/vignoble.lacroixaumaitre.com\/index.php\/wp-json\/wp\/v2\/types\/page"}],"author":[{"embeddable":true,"href":"https:\/\/vignoble.lacroixaumaitre.com\/index.php\/wp-json\/wp\/v2\/users\/1"}],"replies":[{"embeddable":true,"href":"https:\/\/vignoble.lacroixaumaitre.com\/index.php\/wp-json\/wp\/v2\/comments?post=1390"}],"version-history":[{"count":8,"href":"https:\/\/vignoble.lacroixaumaitre.com\/index.php\/wp-json\/wp\/v2\/pages\/1390\/revisions"}],"predecessor-version":[{"id":1803,"href":"https:\/\/vignoble.lacroixaumaitre.com\/index.php\/wp-json\/wp\/v2\/pages\/1390\/revisions\/1803"}],"wp:attachment":[{"href":"https:\/\/vignoble.lacroixaumaitre.com\/index.php\/wp-json\/wp\/v2\/media?parent=1390"}],"curies":[{"name":"wp","href":"https:\/\/api.w.org\/{rel}","templated":true}]}}