{"id":1382,"date":"2021-09-30T22:19:03","date_gmt":"2021-09-30T22:19:03","guid":{"rendered":"https:\/\/lacroixaumaitre.com\/?page_id=1382"},"modified":"2023-02-27T20:27:41","modified_gmt":"2023-02-27T20:27:41","slug":"access","status":"publish","type":"page","link":"https:\/\/vignoble.lacroixaumaitre.com\/index.php\/access\/?lang=en","title":{"rendered":"Access"},"content":{"rendered":"\t\t<div data-elementor-type=\"wp-page\" data-elementor-id=\"1382\" class=\"elementor elementor-1382 elementor-849\">\n\t\t\t\t\t\t<div class=\"elementor-inner\">\n\t\t\t\t<div class=\"elementor-section-wrap\">\n\t\t\t\t\t\t\t\t\t<section class=\"elementor-section elementor-top-section elementor-element elementor-element-4690b60 elementor-section-stretched elementor-section-boxed elementor-section-height-default elementor-section-height-default\" data-id=\"4690b60\" data-element_type=\"section\" data-settings=\"{&quot;stretch_section&quot;:&quot;section-stretched&quot;,&quot;background_background&quot;:&quot;classic&quot;}\">\n\t\t\t\t\t\t<div class=\"elementor-container elementor-column-gap-default\">\n\t\t\t\t\t\t\t<div class=\"elementor-row\">\n\t\t\t\t\t<div class=\"elementor-column elementor-col-100 elementor-top-column elementor-element elementor-element-cde9574\" data-id=\"cde9574\" data-element_type=\"column\">\n\t\t\t<div class=\"elementor-column-wrap elementor-element-populated\">\n\t\t\t\t\t\t\t<div class=\"elementor-widget-wrap\">\n\t\t\t\t\t\t<div class=\"elementor-element elementor-element-ae986d3 elementor-widget elementor-widget-heading\" data-id=\"ae986d3\" data-element_type=\"widget\" data-widget_type=\"heading.default\">\n\t\t\t\t<div class=\"elementor-widget-container\">\n\t\t\t<span class=\"elementor-heading-title elementor-size-large\">The adress<\/span>\t\t<\/div>\n\t\t\t\t<\/div>\n\t\t\t\t<div class=\"elementor-element elementor-element-3ac79d4 elementor-widget elementor-widget-google_maps\" data-id=\"3ac79d4\" data-element_type=\"widget\" data-widget_type=\"google_maps.default\">\n\t\t\t\t<div class=\"elementor-widget-container\">\n\t\t\t\t\t<div class=\"elementor-custom-embed\">\n\t\t\t<iframe loading=\"lazy\"\n\t\t\t\t\tsrc=\"https:\/\/maps.google.com\/maps?q=1%20rue%20Croix%20au%20Ma%C3%AEtre%2C%2089580%20Coulanges-la-Vineuse%2C%20France&#038;t=m&#038;z=9&#038;output=embed&#038;iwloc=near\"\n\t\t\t\t\ttitle=\"1 rue Croix au Ma\u00eetre, 89580 Coulanges-la-Vineuse, France\"\n\t\t\t\t\taria-label=\"1 rue Croix au Ma\u00eetre, 89580 Coulanges-la-Vineuse, France\"\n\t\t\t><\/iframe>\n\t\t<\/div>\n\t\t\t\t<\/div>\n\t\t\t\t<\/div>\n\t\t\t\t<section class=\"elementor-section elementor-inner-section elementor-element elementor-element-77a04cb elementor-section-boxed elementor-section-height-default elementor-section-height-default\" data-id=\"77a04cb\" data-element_type=\"section\">\n\t\t\t\t\t\t<div class=\"elementor-container elementor-column-gap-default\">\n\t\t\t\t\t\t\t<div class=\"elementor-row\">\n\t\t\t\t\t<div class=\"elementor-column elementor-col-50 elementor-inner-column elementor-element elementor-element-171b576\" data-id=\"171b576\" data-element_type=\"column\">\n\t\t\t<div class=\"elementor-column-wrap elementor-element-populated\">\n\t\t\t\t\t\t\t<div class=\"elementor-widget-wrap\">\n\t\t\t\t\t\t<div class=\"elementor-element elementor-element-5d3ebda elementor-widget elementor-widget-text-editor\" data-id=\"5d3ebda\" data-element_type=\"widget\" data-widget_type=\"text-editor.default\">\n\t\t\t\t<div class=\"elementor-widget-container\">\n\t\t\t\t\t\t\t\t<div class=\"elementor-text-editor elementor-clearfix\">\n\t\t\t\t<p style=\"font-size: 18px;\"><strong>La<\/strong><b> Croix au Ma\u00eetre<br \/><\/b>Delphine et Thomas<br \/>1 rue Croix au Ma\u00eetre<br \/>89580 Coulanges la Vineuse<\/p><p style=\"font-size: 18px;\">T\u00e9l. Delphine : 06.07.74.13.18<br \/>T\u00e9l. Thomas : 06.82.68.48.91<br \/>Mail : <a href=\"mailto:contact@lacroixaumaitre.com\">contact@lacroixaumaitre.com<\/a><\/p>\t\t\t\t\t<\/div>\n\t\t\t\t\t\t<\/div>\n\t\t\t\t<\/div>\n\t\t\t\t\t\t<\/div>\n\t\t\t\t\t<\/div>\n\t\t<\/div>\n\t\t\t\t<div class=\"elementor-column elementor-col-50 elementor-inner-column elementor-element elementor-element-9968edf\" data-id=\"9968edf\" data-element_type=\"column\">\n\t\t\t<div class=\"elementor-column-wrap elementor-element-populated\">\n\t\t\t\t\t\t\t<div class=\"elementor-widget-wrap\">\n\t\t\t\t\t\t<div class=\"elementor-element elementor-element-e721370 elementor-widget elementor-widget-image\" data-id=\"e721370\" data-element_type=\"widget\" data-widget_type=\"image.default\">\n\t\t\t\t<div class=\"elementor-widget-container\">\n\t\t\t\t\t\t\t\t<div class=\"elementor-image\">\n\t\t\t\t\t\t\t\t\t\t\t\t<img loading=\"lazy\" decoding=\"async\" width=\"640\" height=\"265\" src=\"https:\/\/vignoble.lacroixaumaitre.com\/wp-content\/uploads\/2020\/06\/logo_blanc.png\" class=\"attachment-large size-large wp-image-521\" alt=\"Coulanges la vineuse vezelay chablis yonne bourgogne auxerre canal du nivernais borgnat gite chambre hote location saisonniere airbnb de courte duree piscine jardin velo repos detente mariage saulce reigny\" srcset=\"https:\/\/vignoble.lacroixaumaitre.com\/wp-content\/uploads\/2020\/06\/logo_blanc.png 956w, https:\/\/vignoble.lacroixaumaitre.com\/wp-content\/uploads\/2020\/06\/logo_blanc-300x124.png 300w, https:\/\/vignoble.lacroixaumaitre.com\/wp-content\/uploads\/2020\/06\/logo_blanc-768x318.png 768w\" sizes=\"(max-width: 34.9rem) calc(100vw - 2rem), (max-width: 53rem) calc(8 * (100vw \/ 12)), (min-width: 53rem) calc(6 * (100vw \/ 12)), 100vw\" \/>\t\t\t\t\t\t\t\t\t\t\t\t\t\t<\/div>\n\t\t\t\t\t\t<\/div>\n\t\t\t\t<\/div>\n\t\t\t\t<div class=\"elementor-element elementor-element-2f7e39d elementor-widget elementor-widget-text-editor\" data-id=\"2f7e39d\" data-element_type=\"widget\" data-widget_type=\"text-editor.default\">\n\t\t\t\t<div class=\"elementor-widget-container\">\n\t\t\t\t\t\t\t\t<div class=\"elementor-text-editor elementor-clearfix\">\n\t\t\t\t<p>The accommodation is located 4 km (2.5 miles) from the train station of Vincelles (which can take you to Paris without changing).<br \/>The nearest highway exit (Auxerre Nord) is less than 20 minutes from the accommodation.\u00a0<\/p>\t\t\t\t\t<\/div>\n\t\t\t\t\t\t<\/div>\n\t\t\t\t<\/div>\n\t\t\t\t\t\t<\/div>\n\t\t\t\t\t<\/div>\n\t\t<\/div>\n\t\t\t\t\t\t\t\t<\/div>\n\t\t\t\t\t<\/div>\n\t\t<\/section>\n\t\t\t\t<section class=\"elementor-section elementor-inner-section elementor-element elementor-element-f0f846f elementor-section-boxed elementor-section-height-default elementor-section-height-default\" data-id=\"f0f846f\" data-element_type=\"section\">\n\t\t\t\t\t\t<div class=\"elementor-container elementor-column-gap-default\">\n\t\t\t\t\t\t\t<div class=\"elementor-row\">\n\t\t\t\t\t<div class=\"elementor-column elementor-col-50 elementor-inner-column elementor-element elementor-element-f7de099\" data-id=\"f7de099\" data-element_type=\"column\">\n\t\t\t<div class=\"elementor-column-wrap elementor-element-populated\">\n\t\t\t\t\t\t\t<div class=\"elementor-widget-wrap\">\n\t\t\t\t\t\t<div class=\"elementor-element elementor-element-f64934b elementor-widget elementor-widget-heading\" data-id=\"f64934b\" data-element_type=\"widget\" data-widget_type=\"heading.default\">\n\t\t\t\t<div class=\"elementor-widget-container\">\n\t\t\t<span class=\"elementor-heading-title elementor-size-large\">Coming to Coulanges la Vineuse<\/span>\t\t<\/div>\n\t\t\t\t<\/div>\n\t\t\t\t<div class=\"elementor-element elementor-element-59ef17e elementor-widget elementor-widget-text-editor\" data-id=\"59ef17e\" data-element_type=\"widget\" data-widget_type=\"text-editor.default\">\n\t\t\t\t<div class=\"elementor-widget-container\">\n\t\t\t\t\t\t\t\t<div class=\"elementor-text-editor elementor-clearfix\">\n\t\t\t\t<p><strong>Coming from the North (Paris) :<\/strong><br \/>Take the A6 highway towards Lyon. Exit N\u00b020 Auxerre Sud.<br \/>Direction Auxerre. Take the N 606 towards Avallon-Dijon for 10 km.<br \/>At the Vincelles traffic circle, turn right towards Coulanges-la-Vineuse for 4 km.<\/p><p><strong>Coming from the South (Lyon) :<\/strong><br \/>Take the A6 highway towards Paris. Exit N\u00b020 Auxerre Sud.<br \/>Direction Auxerre. Take the N 606 towards Avallon-Dijon for 10 km.<br \/>At the Vincelles traffic circle, turn right towards Coulanges-la-Vineuse for 4 km.<\/p>\t\t\t\t\t<\/div>\n\t\t\t\t\t\t<\/div>\n\t\t\t\t<\/div>\n\t\t\t\t\t\t<\/div>\n\t\t\t\t\t<\/div>\n\t\t<\/div>\n\t\t\t\t<div class=\"elementor-column elementor-col-50 elementor-inner-column elementor-element elementor-element-24c61a4\" data-id=\"24c61a4\" data-element_type=\"column\">\n\t\t\t<div class=\"elementor-column-wrap elementor-element-populated\">\n\t\t\t\t\t\t\t<div class=\"elementor-widget-wrap\">\n\t\t\t\t\t\t<div class=\"elementor-element elementor-element-8badf3a elementor-widget elementor-widget-heading\" data-id=\"8badf3a\" data-element_type=\"widget\" data-widget_type=\"heading.default\">\n\t\t\t\t<div class=\"elementor-widget-container\">\n\t\t\t<span class=\"elementor-heading-title elementor-size-large\">Found the house<\/span>\t\t<\/div>\n\t\t\t\t<\/div>\n\t\t\t\t<div class=\"elementor-element elementor-element-e4bc92d elementor-widget elementor-widget-text-editor\" data-id=\"e4bc92d\" data-element_type=\"widget\" data-widget_type=\"text-editor.default\">\n\t\t\t\t<div class=\"elementor-widget-container\">\n\t\t\t\t\t\t\t\t<div class=\"elementor-text-editor elementor-clearfix\">\n\t\t\t\t<p>The village, surrounded by promenades, is crossed by a main street.<br \/>From the main street you can easily find the church.<br \/>Go up the main street from the church and pass the restaurant located 50 meters (150 ft) from the church (right side). Turn right 30 meters (100 ft) further into the street Croix au Ma\u00eetre.<br \/>The house is on your left.<\/p><p>Please inform us of your arrival (by phone or by ringing) and we will welcome you.<br \/>The house does not offer parking. However, it is possible to park easily in the main street nearby (15 meters, 50 ft).<\/p>\t\t\t\t\t<\/div>\n\t\t\t\t\t\t<\/div>\n\t\t\t\t<\/div>\n\t\t\t\t\t\t<\/div>\n\t\t\t\t\t<\/div>\n\t\t<\/div>\n\t\t\t\t\t\t\t\t<\/div>\n\t\t\t\t\t<\/div>\n\t\t<\/section>\n\t\t\t\t\t\t<\/div>\n\t\t\t\t\t<\/div>\n\t\t<\/div>\n\t\t\t\t\t\t\t\t<\/div>\n\t\t\t\t\t<\/div>\n\t\t<\/section>\n\t\t\t\t\t\t\t\t\t<\/div>\n\t\t\t<\/div>\n\t\t\t\t\t<\/div>\n\t\t","protected":false},"excerpt":{"rendered":"<p>The adress La Croix au Ma\u00eetre Delphine et Thomas 1 rue Croix au Ma\u00eetre 89580 Coulanges la Vineuse T\u00e9l. Delphine : 06.07.74.13.18 T\u00e9l. Thomas : 06.82.68.48.91 Mail : contact@lacroixaumaitre.com The accommodation is located 4 km (2.5 miles) from the train station of Vincelles (which can take you to Paris without changing). The nearest highway exit &hellip; <\/p>\n<p class=\"link-more\"><a href=\"https:\/\/vignoble.lacroixaumaitre.com\/index.php\/access\/?lang=en\" class=\"more-link\">Continuer la lecture <span class=\"screen-reader-text\"> \u00ab\u00a0Access\u00a0\u00bb<\/span><\/a><\/p>\n","protected":false},"author":1,"featured_media":0,"parent":0,"menu_order":0,"comment_status":"closed","ping_status":"closed","template":"","meta":{"_mi_skip_tracking":false,"footnotes":""},"aioseo_notices":[],"_links":{"self":[{"href":"https:\/\/vignoble.lacroixaumaitre.com\/index.php\/wp-json\/wp\/v2\/pages\/1382"}],"collection":[{"href":"https:\/\/vignoble.lacroixaumaitre.com\/index.php\/wp-json\/wp\/v2\/pages"}],"about":[{"href":"https:\/\/vignoble.lacroixaumaitre.com\/index.php\/wp-json\/wp\/v2\/types\/page"}],"author":[{"embeddable":true,"href":"https:\/\/vignoble.lacroixaumaitre.com\/index.php\/wp-json\/wp\/v2\/users\/1"}],"replies":[{"embeddable":true,"href":"https:\/\/vignoble.lacroixaumaitre.com\/index.php\/wp-json\/wp\/v2\/comments?post=1382"}],"version-history":[{"count":8,"href":"https:\/\/vignoble.lacroixaumaitre.com\/index.php\/wp-json\/wp\/v2\/pages\/1382\/revisions"}],"predecessor-version":[{"id":1800,"href":"https:\/\/vignoble.lacroixaumaitre.com\/index.php\/wp-json\/wp\/v2\/pages\/1382\/revisions\/1800"}],"wp:attachment":[{"href":"https:\/\/vignoble.lacroixaumaitre.com\/index.php\/wp-json\/wp\/v2\/media?parent=1382"}],"curies":[{"name":"wp","href":"https:\/\/api.w.org\/{rel}","templated":true}]}}